{"id":348,"date":"2023-02-24T11:13:39","date_gmt":"2023-02-24T10:13:39","guid":{"rendered":"https:\/\/makrom.com.pl\/nowe\/?page_id=348"},"modified":"2025-10-21T20:50:15","modified_gmt":"2025-10-21T18:50:15","slug":"torebki-faldowe-i-plaskie-2","status":"publish","type":"page","link":"https:\/\/makrom.com.pl\/pl\/torebki-faldowe-i-plaskie-2\/","title":{"rendered":"Torebki fa\u0142dowe i p\u0142askie"},"content":{"rendered":"","protected":false},"excerpt":{"rendered":"","protected":false},"author":1,"featured_media":0,"parent":0,"menu_order":0,"comment_status":"closed","ping_status":"closed","template":"torebki-faldowe","meta":{"ngg_post_thumbnail":0,"footnotes":""},"class_list":["post-348","page","type-page","status-publish","hentry"],"yoast_head":"<!-- This site is optimized with the Yoast SEO plugin v27.4 - https:\/\/yoast.com\/product\/yoast-seo-wordpress\/ -->\n<title>Torebki fa\u0142dowe i p\u0142askie - Torby papierowe<\/title>\n<meta name=\"description\" content=\"Firma Makrom s.c. jest producentem opakowa\u0144 papierowych, takich jak torby klockowe z uchwytem p\u0142askim, torebki fa\u0142dowe i papier pakowy.\" \/>\n<meta name=\"robots\" content=\"index, follow, max-snippet:-1, max-image-preview:large, max-video-preview:-1\" \/>\n<link rel=\"canonical\" href=\"https:\/\/makrom.com.pl\/pl\/torebki-faldowe-i-plaskie-2\/\" \/>\n<meta property=\"og:locale\" content=\"pl_PL\" \/>\n<meta property=\"og:type\" content=\"article\" \/>\n<meta property=\"og:title\" content=\"Torebki fa\u0142dowe i p\u0142askie - Torby papierowe\" \/>\n<meta property=\"og:description\" content=\"Firma Makrom s.c. jest producentem opakowa\u0144 papierowych, takich jak torby klockowe z uchwytem p\u0142askim, torebki fa\u0142dowe i papier pakowy.\" \/>\n<meta property=\"og:url\" content=\"https:\/\/makrom.com.pl\/pl\/torebki-faldowe-i-plaskie-2\/\" \/>\n<meta property=\"og:site_name\" content=\"Torby papierowe\" \/>\n<meta property=\"article:modified_time\" content=\"2025-10-21T18:50:15+00:00\" \/>\n<meta name=\"twitter:card\" content=\"summary_large_image\" \/>\n<script type=\"application\/ld+json\" class=\"yoast-schema-graph\">{\"@context\":\"https:\\\/\\\/schema.org\",\"@graph\":[{\"@type\":\"WebPage\",\"@id\":\"https:\\\/\\\/makrom.com.pl\\\/pl\\\/torebki-faldowe-i-plaskie-2\\\/\",\"url\":\"https:\\\/\\\/makrom.com.pl\\\/pl\\\/torebki-faldowe-i-plaskie-2\\\/\",\"name\":\"Torebki fa\u0142dowe i p\u0142askie - Torby papierowe\",\"isPartOf\":{\"@id\":\"https:\\\/\\\/makrom.com.pl\\\/pl\\\/#website\"},\"datePublished\":\"2023-02-24T10:13:39+00:00\",\"dateModified\":\"2025-10-21T18:50:15+00:00\",\"description\":\"Firma Makrom s.c. jest producentem opakowa\u0144 papierowych, takich jak torby klockowe z uchwytem p\u0142askim, torebki fa\u0142dowe i papier pakowy.\",\"breadcrumb\":{\"@id\":\"https:\\\/\\\/makrom.com.pl\\\/pl\\\/torebki-faldowe-i-plaskie-2\\\/#breadcrumb\"},\"inLanguage\":\"pl-PL\",\"potentialAction\":[{\"@type\":\"ReadAction\",\"target\":[\"https:\\\/\\\/makrom.com.pl\\\/pl\\\/torebki-faldowe-i-plaskie-2\\\/\"]}]},{\"@type\":\"BreadcrumbList\",\"@id\":\"https:\\\/\\\/makrom.com.pl\\\/pl\\\/torebki-faldowe-i-plaskie-2\\\/#breadcrumb\",\"itemListElement\":[{\"@type\":\"ListItem\",\"position\":1,\"name\":\"Strona g\u0142\u00f3wna\",\"item\":\"https:\\\/\\\/makrom.com.pl\\\/pl\\\/\"},{\"@type\":\"ListItem\",\"position\":2,\"name\":\"Torebki fa\u0142dowe i p\u0142askie\"}]},{\"@type\":\"WebSite\",\"@id\":\"https:\\\/\\\/makrom.com.pl\\\/pl\\\/#website\",\"url\":\"https:\\\/\\\/makrom.com.pl\\\/pl\\\/\",\"name\":\"Torby papierowe\",\"description\":\"\",\"publisher\":{\"@id\":\"https:\\\/\\\/makrom.com.pl\\\/pl\\\/#organization\"},\"potentialAction\":[{\"@type\":\"SearchAction\",\"target\":{\"@type\":\"EntryPoint\",\"urlTemplate\":\"https:\\\/\\\/makrom.com.pl\\\/pl\\\/?s={search_term_string}\"},\"query-input\":{\"@type\":\"PropertyValueSpecification\",\"valueRequired\":true,\"valueName\":\"search_term_string\"}}],\"inLanguage\":\"pl-PL\"},{\"@type\":\"Organization\",\"@id\":\"https:\\\/\\\/makrom.com.pl\\\/pl\\\/#organization\",\"name\":\"Makrom s.c.\",\"url\":\"https:\\\/\\\/makrom.com.pl\\\/pl\\\/\",\"logo\":{\"@type\":\"ImageObject\",\"inLanguage\":\"pl-PL\",\"@id\":\"https:\\\/\\\/makrom.com.pl\\\/pl\\\/#\\\/schema\\\/logo\\\/image\\\/\",\"url\":\"https:\\\/\\\/makrom.com.pl\\\/pl\\\/wp-content\\\/uploads\\\/sites\\\/4\\\/2023\\\/02\\\/logopng-01.png\",\"contentUrl\":\"https:\\\/\\\/makrom.com.pl\\\/pl\\\/wp-content\\\/uploads\\\/sites\\\/4\\\/2023\\\/02\\\/logopng-01.png\",\"width\":1136,\"height\":728,\"caption\":\"Makrom s.c.\"},\"image\":{\"@id\":\"https:\\\/\\\/makrom.com.pl\\\/pl\\\/#\\\/schema\\\/logo\\\/image\\\/\"}}]}<\/script>\n<!-- \/ Yoast SEO plugin. -->","yoast_head_json":{"title":"Torebki fa\u0142dowe i p\u0142askie - Torby papierowe","description":"Firma Makrom s.c. jest producentem opakowa\u0144 papierowych, takich jak torby klockowe z uchwytem p\u0142askim, torebki fa\u0142dowe i papier pakowy.","robots":{"index":"index","follow":"follow","max-snippet":"max-snippet:-1","max-image-preview":"max-image-preview:large","max-video-preview":"max-video-preview:-1"},"canonical":"https:\/\/makrom.com.pl\/pl\/torebki-faldowe-i-plaskie-2\/","og_locale":"pl_PL","og_type":"article","og_title":"Torebki fa\u0142dowe i p\u0142askie - Torby papierowe","og_description":"Firma Makrom s.c. jest producentem opakowa\u0144 papierowych, takich jak torby klockowe z uchwytem p\u0142askim, torebki fa\u0142dowe i papier pakowy.","og_url":"https:\/\/makrom.com.pl\/pl\/torebki-faldowe-i-plaskie-2\/","og_site_name":"Torby papierowe","article_modified_time":"2025-10-21T18:50:15+00:00","twitter_card":"summary_large_image","schema":{"@context":"https:\/\/schema.org","@graph":[{"@type":"WebPage","@id":"https:\/\/makrom.com.pl\/pl\/torebki-faldowe-i-plaskie-2\/","url":"https:\/\/makrom.com.pl\/pl\/torebki-faldowe-i-plaskie-2\/","name":"Torebki fa\u0142dowe i p\u0142askie - Torby papierowe","isPartOf":{"@id":"https:\/\/makrom.com.pl\/pl\/#website"},"datePublished":"2023-02-24T10:13:39+00:00","dateModified":"2025-10-21T18:50:15+00:00","description":"Firma Makrom s.c. jest producentem opakowa\u0144 papierowych, takich jak torby klockowe z uchwytem p\u0142askim, torebki fa\u0142dowe i papier pakowy.","breadcrumb":{"@id":"https:\/\/makrom.com.pl\/pl\/torebki-faldowe-i-plaskie-2\/#breadcrumb"},"inLanguage":"pl-PL","potentialAction":[{"@type":"ReadAction","target":["https:\/\/makrom.com.pl\/pl\/torebki-faldowe-i-plaskie-2\/"]}]},{"@type":"BreadcrumbList","@id":"https:\/\/makrom.com.pl\/pl\/torebki-faldowe-i-plaskie-2\/#breadcrumb","itemListElement":[{"@type":"ListItem","position":1,"name":"Strona g\u0142\u00f3wna","item":"https:\/\/makrom.com.pl\/pl\/"},{"@type":"ListItem","position":2,"name":"Torebki fa\u0142dowe i p\u0142askie"}]},{"@type":"WebSite","@id":"https:\/\/makrom.com.pl\/pl\/#website","url":"https:\/\/makrom.com.pl\/pl\/","name":"Torby papierowe","description":"","publisher":{"@id":"https:\/\/makrom.com.pl\/pl\/#organization"},"potentialAction":[{"@type":"SearchAction","target":{"@type":"EntryPoint","urlTemplate":"https:\/\/makrom.com.pl\/pl\/?s={search_term_string}"},"query-input":{"@type":"PropertyValueSpecification","valueRequired":true,"valueName":"search_term_string"}}],"inLanguage":"pl-PL"},{"@type":"Organization","@id":"https:\/\/makrom.com.pl\/pl\/#organization","name":"Makrom s.c.","url":"https:\/\/makrom.com.pl\/pl\/","logo":{"@type":"ImageObject","inLanguage":"pl-PL","@id":"https:\/\/makrom.com.pl\/pl\/#\/schema\/logo\/image\/","url":"https:\/\/makrom.com.pl\/pl\/wp-content\/uploads\/sites\/4\/2023\/02\/logopng-01.png","contentUrl":"https:\/\/makrom.com.pl\/pl\/wp-content\/uploads\/sites\/4\/2023\/02\/logopng-01.png","width":1136,"height":728,"caption":"Makrom s.c."},"image":{"@id":"https:\/\/makrom.com.pl\/pl\/#\/schema\/logo\/image\/"}}]}},"_links":{"self":[{"href":"https:\/\/makrom.com.pl\/pl\/wp-json\/wp\/v2\/pages\/348","targetHints":{"allow":["GET"]}}],"collection":[{"href":"https:\/\/makrom.com.pl\/pl\/wp-json\/wp\/v2\/pages"}],"about":[{"href":"https:\/\/makrom.com.pl\/pl\/wp-json\/wp\/v2\/types\/page"}],"author":[{"embeddable":true,"href":"https:\/\/makrom.com.pl\/pl\/wp-json\/wp\/v2\/users\/1"}],"replies":[{"embeddable":true,"href":"https:\/\/makrom.com.pl\/pl\/wp-json\/wp\/v2\/comments?post=348"}],"version-history":[{"count":1,"href":"https:\/\/makrom.com.pl\/pl\/wp-json\/wp\/v2\/pages\/348\/revisions"}],"predecessor-version":[{"id":363,"href":"https:\/\/makrom.com.pl\/pl\/wp-json\/wp\/v2\/pages\/348\/revisions\/363"}],"wp:attachment":[{"href":"https:\/\/makrom.com.pl\/pl\/wp-json\/wp\/v2\/media?parent=348"}],"curies":[{"name":"wp","href":"https:\/\/api.w.org\/{rel}","templated":true}]}}